{"id":220,"date":"2020-11-17T13:33:17","date_gmt":"2020-11-17T16:33:17","guid":{"rendered":"https:\/\/highlandsschool.edu.uy\/?page_id=220"},"modified":"2024-02-24T07:36:09","modified_gmt":"2024-02-24T10:36:09","slug":"nosotros","status":"publish","type":"page","link":"https:\/\/highlandsschool.edu.uy\/index.php\/nosotros\/","title":{"rendered":"Nosotros"},"content":{"rendered":"\t\t<div data-elementor-type=\"wp-page\" data-elementor-id=\"220\" class=\"elementor elementor-220\" data-elementor-post-type=\"page\">\n\t\t\t\t\t\t<section class=\"elementor-section elementor-top-section elementor-element elementor-element-3e79541c elementor-section-height-min-height elementor-reverse-mobile elementor-reverse-tablet elementor-section-boxed elementor-section-height-default elementor-section-items-middle\" data-id=\"3e79541c\" data-element_type=\"section\" data-settings=\"{&quot;background_background&quot;:&quot;classic&quot;}\">\n\t\t\t\t\t\t\t<div class=\"elementor-background-overlay\"><\/div>\n\t\t\t\t\t\t\t<div class=\"elementor-container elementor-column-gap-default\">\n\t\t\t\t\t<div class=\"elementor-column elementor-col-50 elementor-top-column elementor-element elementor-element-5c6d17c5 elementor-hidden-phone\" data-id=\"5c6d17c5\" data-element_type=\"column\">\n\t\t\t<div class=\"elementor-widget-wrap elementor-element-populated\">\n\t\t\t\t\t\t<div class=\"elementor-element elementor-element-262d2a4 elementor-widget elementor-widget-image\" data-id=\"262d2a4\" data-element_type=\"widget\" data-settings=\"{&quot;motion_fx_translateY_effect&quot;:&quot;yes&quot;,&quot;motion_fx_translateY_direction&quot;:&quot;negative&quot;,&quot;motion_fx_translateY_speed&quot;:{&quot;unit&quot;:&quot;px&quot;,&quot;size&quot;:&quot;1&quot;,&quot;sizes&quot;:[]},&quot;motion_fx_motion_fx_scrolling&quot;:&quot;yes&quot;,&quot;motion_fx_translateY_affectedRange&quot;:{&quot;unit&quot;:&quot;%&quot;,&quot;size&quot;:&quot;&quot;,&quot;sizes&quot;:{&quot;start&quot;:0,&quot;end&quot;:100}},&quot;motion_fx_devices&quot;:[&quot;desktop&quot;,&quot;tablet&quot;,&quot;mobile&quot;]}\" data-widget_type=\"image.default\">\n\t\t\t\t<div class=\"elementor-widget-container\">\n\t\t\t<style>\/*! elementor - v3.23.0 - 05-08-2024 *\/\n.elementor-widget-image{text-align:center}.elementor-widget-image a{display:inline-block}.elementor-widget-image a img[src$=\".svg\"]{width:48px}.elementor-widget-image img{vertical-align:middle;display:inline-block}<\/style>\t\t\t\t\t\t\t\t\t\t<img fetchpriority=\"high\" decoding=\"async\" width=\"800\" height=\"534\" src=\"https:\/\/highlandsschool.edu.uy\/wp-content\/uploads\/2020\/12\/Adultos-Jovnes-2-1024x683.jpg\" class=\"attachment-large size-large wp-image-604\" alt=\"\" srcset=\"https:\/\/highlandsschool.edu.uy\/wp-content\/uploads\/2020\/12\/Adultos-Jovnes-2-1024x683.jpg 1024w, https:\/\/highlandsschool.edu.uy\/wp-content\/uploads\/2020\/12\/Adultos-Jovnes-2-300x200.jpg 300w, https:\/\/highlandsschool.edu.uy\/wp-content\/uploads\/2020\/12\/Adultos-Jovnes-2-768x512.jpg 768w, https:\/\/highlandsschool.edu.uy\/wp-content\/uploads\/2020\/12\/Adultos-Jovnes-2-1536x1024.jpg 1536w, https:\/\/highlandsschool.edu.uy\/wp-content\/uploads\/2020\/12\/Adultos-Jovnes-2-2048x1365.jpg 2048w\" sizes=\"(max-width: 800px) 100vw, 800px\" \/>\t\t\t\t\t\t\t\t\t\t\t\t\t<\/div>\n\t\t\t\t<\/div>\n\t\t\t\t\t<\/div>\n\t\t<\/div>\n\t\t\t\t<div class=\"elementor-column elementor-col-50 elementor-top-column elementor-element elementor-element-297b02df\" data-id=\"297b02df\" data-element_type=\"column\">\n\t\t\t<div class=\"elementor-widget-wrap elementor-element-populated\">\n\t\t\t\t\t\t<div class=\"elementor-element elementor-element-7b70c5d elementor-widget elementor-widget-heading\" data-id=\"7b70c5d\" data-element_type=\"widget\" data-settings=\"{&quot;motion_fx_motion_fx_scrolling&quot;:&quot;yes&quot;,&quot;motion_fx_translateY_effect&quot;:&quot;yes&quot;,&quot;motion_fx_translateY_speed&quot;:{&quot;unit&quot;:&quot;px&quot;,&quot;size&quot;:&quot;0.5&quot;,&quot;sizes&quot;:[]},&quot;motion_fx_translateY_affectedRange&quot;:{&quot;unit&quot;:&quot;%&quot;,&quot;size&quot;:&quot;&quot;,&quot;sizes&quot;:{&quot;start&quot;:&quot;0&quot;,&quot;end&quot;:&quot;50&quot;}},&quot;motion_fx_opacity_effect&quot;:&quot;yes&quot;,&quot;motion_fx_opacity_range&quot;:{&quot;unit&quot;:&quot;%&quot;,&quot;size&quot;:&quot;&quot;,&quot;sizes&quot;:{&quot;start&quot;:&quot;0&quot;,&quot;end&quot;:&quot;50&quot;}},&quot;motion_fx_devices&quot;:[&quot;desktop&quot;,&quot;mobile&quot;],&quot;motion_fx_opacity_direction&quot;:&quot;out-in&quot;,&quot;motion_fx_opacity_level&quot;:{&quot;unit&quot;:&quot;px&quot;,&quot;size&quot;:10,&quot;sizes&quot;:[]}}\" data-widget_type=\"heading.default\">\n\t\t\t\t<div class=\"elementor-widget-container\">\n\t\t\t<style>\/*! elementor - v3.23.0 - 05-08-2024 *\/\n.elementor-heading-title{padding:0;margin:0;line-height:1}.elementor-widget-heading .elementor-heading-title[class*=elementor-size-]>a{color:inherit;font-size:inherit;line-height:inherit}.elementor-widget-heading .elementor-heading-title.elementor-size-small{font-size:15px}.elementor-widget-heading .elementor-heading-title.elementor-size-medium{font-size:19px}.elementor-widget-heading .elementor-heading-title.elementor-size-large{font-size:29px}.elementor-widget-heading .elementor-heading-title.elementor-size-xl{font-size:39px}.elementor-widget-heading .elementor-heading-title.elementor-size-xxl{font-size:59px}<\/style><h2 class=\"elementor-heading-title elementor-size-default\">Highlands School<\/h2>\t\t<\/div>\n\t\t\t\t<\/div>\n\t\t\t\t<div class=\"elementor-element elementor-element-2df3663 elementor-widget elementor-widget-text-editor\" data-id=\"2df3663\" data-element_type=\"widget\" data-widget_type=\"text-editor.default\">\n\t\t\t\t<div class=\"elementor-widget-container\">\n\t\t\t<style>\/*! elementor - v3.23.0 - 05-08-2024 *\/\n.elementor-widget-text-editor.elementor-drop-cap-view-stacked .elementor-drop-cap{background-color:#69727d;color:#fff}.elementor-widget-text-editor.elementor-drop-cap-view-framed .elementor-drop-cap{color:#69727d;border:3px solid;background-color:transparent}.elementor-widget-text-editor:not(.elementor-drop-cap-view-default) .elementor-drop-cap{margin-top:8px}.elementor-widget-text-editor:not(.elementor-drop-cap-view-default) .elementor-drop-cap-letter{width:1em;height:1em}.elementor-widget-text-editor .elementor-drop-cap{float:left;text-align:center;line-height:1;font-size:50px}.elementor-widget-text-editor .elementor-drop-cap-letter{display:inline-block}<\/style>\t\t\t\t<p>Fundada en 1982, <i>Highlands School<\/i> es una instituci\u00f3n dedicada<span class=\"Apple-converted-space\">&nbsp; <\/span>exclusivamente a la ense\u00f1anza de ingl\u00e9s que toma su nombre de las bell\u00edsimas zona de las Tierras Altas de Escocia, en el Reino Unido.&nbsp;Como los legendarios habitantes de esa regi\u00f3n nuestra historia est\u00e1 marcada por el esfuerzo<span class=\"Apple-converted-space\">&nbsp; <\/span>y la convicci\u00f3n de que, con trabajo siempre<span class=\"Apple-converted-space\">&nbsp; <\/span>se obtienen excelentes resultados. Es por eso que, desde nuestros inicios, la misi\u00f3n de <i>Highlands School<\/i> ha sido dictar cursos de calidad superior en un ambiente donde las necesidades de cada uno de nuestros estudiantes fueran cuidadosamente atendidas.<span class=\"Apple-converted-space\">&nbsp;<\/span><\/p>\n<p>Nuestro equipo est\u00e1 formado por un grupo de profesionales de reconocido prestigio en el mundo acad\u00e9mico, que cuenta con<span class=\"Apple-converted-space\">&nbsp;<\/span>formaci\u00f3n de grado y posgrado en la especialidad Ingl\u00e9s, adem\u00e1s de una muy vasta<span class=\"Apple-converted-space\">&nbsp;<\/span>experiencia en el dictado de cursos generales, o de preparaci\u00f3n de ex\u00e1menes locales e internacionales.<\/p>\n<p>A partir de 1999 nuestro sistema de trabajo se ha extendido a<span class=\"Apple-converted-space\">&nbsp;<\/span>distintos lugares de nuestro pa\u00eds<span class=\"Apple-converted-space\">&nbsp;<\/span>como consecuencia del desarrollo del nuestro sistema de franquicias, y a que muchos colegios privados trabajan tambi\u00e9n con nuestros proyectos de extensi\u00f3n horaria o de sistema biling\u00fce.<\/p>\n<p>En estos m\u00e1s<span class=\"Apple-converted-space\">&nbsp;<\/span>de 30 a\u00f1os en el mundo de la educaci\u00f3n, nos fuimos transformando en una organizaci\u00f3n pionera en la ense\u00f1anza<span class=\"Apple-converted-space\">&nbsp;<\/span>de ingl\u00e9s con reconocidos resultados. <span class=\"Apple-converted-space\">&nbsp;<\/span><\/p>\n<p><span style=\"caret-color: #202124; color: #202124; font-family: arial, sans-serif; font-size: 16px;\">\u00bf<\/span>Qu\u00e9 estas esperando para ser parte de nuestro clan?<\/p>\t\t\t\t\t\t<\/div>\n\t\t\t\t<\/div>\n\t\t\t\t\t<\/div>\n\t\t<\/div>\n\t\t\t\t\t<\/div>\n\t\t<\/section>\n\t\t\t\t<section class=\"elementor-section elementor-top-section elementor-element elementor-element-5edf44b2 elementor-section-boxed elementor-section-height-default elementor-section-height-default\" data-id=\"5edf44b2\" data-element_type=\"section\">\n\t\t\t\t\t\t<div class=\"elementor-container elementor-column-gap-default\">\n\t\t\t\t\t<div class=\"elementor-column elementor-col-100 elementor-top-column elementor-element elementor-element-694690f\" data-id=\"694690f\" data-element_type=\"column\">\n\t\t\t<div class=\"elementor-widget-wrap\">\n\t\t\t\t\t\t\t<\/div>\n\t\t<\/div>\n\t\t\t\t\t<\/div>\n\t\t<\/section>\n\t\t\t\t<section class=\"elementor-section elementor-top-section elementor-element elementor-element-82bcd58 elementor-section-boxed elementor-section-height-default elementor-section-height-default\" data-id=\"82bcd58\" data-element_type=\"section\">\n\t\t\t\t\t\t<div class=\"elementor-container elementor-column-gap-default\">\n\t\t\t\t\t<div class=\"elementor-column elementor-col-100 elementor-top-column elementor-element elementor-element-1098cbc\" data-id=\"1098cbc\" data-element_type=\"column\">\n\t\t\t<div class=\"elementor-widget-wrap elementor-element-populated\">\n\t\t\t\t\t\t<div class=\"elementor-element elementor-element-c0fd67d elementor-widget__width-initial elementor-fixed elementor-hidden-phone elementor-widget elementor-widget-button\" data-id=\"c0fd67d\" data-element_type=\"widget\" data-settings=\"{&quot;_position&quot;:&quot;fixed&quot;}\" data-widget_type=\"button.default\">\n\t\t\t\t<div class=\"elementor-widget-container\">\n\t\t\t\t\t<div class=\"elementor-button-wrapper\">\n\t\t\t<a class=\"elementor-button elementor-button-link elementor-size-md\" href=\"#elementor-action%3Aaction%3Dpopup%3Aopen%26settings%3DeyJpZCI6IjE3NiIsInRvZ2dsZSI6ZmFsc2V9\">\n\t\t\t\t\t\t<span class=\"elementor-button-content-wrapper\">\n\t\t\t\t\t\t<span class=\"elementor-button-icon\">\n\t\t\t\t<svg aria-hidden=\"true\" class=\"e-font-icon-svg e-fas-envelope\" viewBox=\"0 0 512 512\" xmlns=\"http:\/\/www.w3.org\/2000\/svg\"><path d=\"M502.3 190.8c3.9-3.1 9.7-.2 9.7 4.7V400c0 26.5-21.5 48-48 48H48c-26.5 0-48-21.5-48-48V195.6c0-5 5.7-7.8 9.7-4.7 22.4 17.4 52.1 39.5 154.1 113.6 21.1 15.4 56.7 47.8 92.2 47.6 35.7.3 72-32.8 92.3-47.6 102-74.1 131.6-96.3 154-113.7zM256 320c23.2.4 56.6-29.2 73.4-41.4 132.7-96.3 142.8-104.7 173.4-128.7 5.8-4.5 9.2-11.5 9.2-18.9v-19c0-26.5-21.5-48-48-48H48C21.5 64 0 85.5 0 112v19c0 7.4 3.4 14.3 9.2 18.9 30.6 23.9 40.7 32.4 173.4 128.7 16.8 12.2 50.2 41.8 73.4 41.4z\"><\/path><\/svg>\t\t\t<\/span>\n\t\t\t\t\t\t\t\t<\/span>\n\t\t\t\t\t<\/a>\n\t\t<\/div>\n\t\t\t\t<\/div>\n\t\t\t\t<\/div>\n\t\t\t\t\t<\/div>\n\t\t<\/div>\n\t\t\t\t\t<\/div>\n\t\t<\/section>\n\t\t\t\t<\/div>\n\t\t","protected":false},"excerpt":{"rendered":"<p>Highlands School Fundada en 1982, Highlands School es una instituci\u00f3n dedicada&nbsp; exclusivamente a la ense\u00f1anza de ingl\u00e9s que toma su nombre de las bell\u00edsimas zona de las Tierras Altas de Escocia, en el Reino Unido.&nbsp;Como los legendarios habitantes de esa regi\u00f3n nuestra historia est\u00e1 marcada por el esfuerzo&nbsp; y la convicci\u00f3n de que, con trabajo [&hellip;]<\/p>\n","protected":false},"author":1,"featured_media":0,"parent":0,"menu_order":0,"comment_status":"closed","ping_status":"closed","template":"elementor_theme","meta":{"footnotes":""},"class_list":["post-220","page","type-page","status-publish","hentry"],"_links":{"self":[{"href":"https:\/\/highlandsschool.edu.uy\/index.php\/wp-json\/wp\/v2\/pages\/220"}],"collection":[{"href":"https:\/\/highlandsschool.edu.uy\/index.php\/wp-json\/wp\/v2\/pages"}],"about":[{"href":"https:\/\/highlandsschool.edu.uy\/index.php\/wp-json\/wp\/v2\/types\/page"}],"author":[{"embeddable":true,"href":"https:\/\/highlandsschool.edu.uy\/index.php\/wp-json\/wp\/v2\/users\/1"}],"replies":[{"embeddable":true,"href":"https:\/\/highlandsschool.edu.uy\/index.php\/wp-json\/wp\/v2\/comments?post=220"}],"version-history":[{"count":73,"href":"https:\/\/highlandsschool.edu.uy\/index.php\/wp-json\/wp\/v2\/pages\/220\/revisions"}],"predecessor-version":[{"id":924,"href":"https:\/\/highlandsschool.edu.uy\/index.php\/wp-json\/wp\/v2\/pages\/220\/revisions\/924"}],"wp:attachment":[{"href":"https:\/\/highlandsschool.edu.uy\/index.php\/wp-json\/wp\/v2\/media?parent=220"}],"curies":[{"name":"wp","href":"https:\/\/api.w.org\/{rel}","templated":true}]}}