{"id":652,"date":"2020-12-10T12:27:35","date_gmt":"2020-12-10T15:27:35","guid":{"rendered":"https:\/\/highlandsschool.edu.uy\/?page_id=652"},"modified":"2024-02-24T07:36:32","modified_gmt":"2024-02-24T10:36:32","slug":"noticias","status":"publish","type":"page","link":"https:\/\/highlandsschool.edu.uy\/index.php\/noticias\/","title":{"rendered":"Noticias"},"content":{"rendered":"\t\t<div data-elementor-type=\"wp-page\" data-elementor-id=\"652\" class=\"elementor elementor-652\" data-elementor-post-type=\"page\">\n\t\t\t\t\t\t<section class=\"elementor-section elementor-top-section elementor-element elementor-element-36899e48 elementor-section-boxed elementor-section-height-default elementor-section-height-default\" data-id=\"36899e48\" data-element_type=\"section\" data-e-type=\"section\">\n\t\t\t\t\t\t<div class=\"elementor-container elementor-column-gap-default\">\n\t\t\t\t\t<div class=\"elementor-column elementor-col-100 elementor-top-column elementor-element elementor-element-486ea229\" data-id=\"486ea229\" data-element_type=\"column\" data-e-type=\"column\">\n\t\t\t<div class=\"elementor-widget-wrap elementor-element-populated\">\n\t\t\t\t\t\t<div class=\"elementor-element elementor-element-f588290 elementor-grid-2 elementor-grid-tablet-2 elementor-grid-mobile-1 elementor-posts--thumbnail-top elementor-card-shadow-yes elementor-posts__hover-gradient elementor-widget elementor-widget-posts\" data-id=\"f588290\" data-element_type=\"widget\" data-e-type=\"widget\" data-settings=\"{&quot;cards_columns&quot;:&quot;2&quot;,&quot;cards_columns_tablet&quot;:&quot;2&quot;,&quot;cards_columns_mobile&quot;:&quot;1&quot;,&quot;cards_row_gap&quot;:{&quot;unit&quot;:&quot;px&quot;,&quot;size&quot;:35,&quot;sizes&quot;:[]},&quot;cards_row_gap_tablet&quot;:{&quot;unit&quot;:&quot;px&quot;,&quot;size&quot;:&quot;&quot;,&quot;sizes&quot;:[]},&quot;cards_row_gap_mobile&quot;:{&quot;unit&quot;:&quot;px&quot;,&quot;size&quot;:&quot;&quot;,&quot;sizes&quot;:[]}}\" data-widget_type=\"posts.cards\">\n\t\t\t\t<div class=\"elementor-widget-container\">\n\t\t\t\t\t\t\t<div class=\"elementor-posts-container elementor-posts elementor-posts--skin-cards elementor-grid\" role=\"list\">\n\t\t\t\t<article class=\"elementor-post elementor-grid-item post-972 post type-post status-publish format-standard has-post-thumbnail hentry category-uncategorized\" role=\"listitem\">\n\t\t\t<div class=\"elementor-post__card\">\n\t\t\t\t<a class=\"elementor-post__thumbnail__link\" href=\"https:\/\/highlandsschool.edu.uy\/index.php\/2024\/07\/01\/vacaciones-de-invierno\/\" tabindex=\"-1\" ><div class=\"elementor-post__thumbnail\"><img fetchpriority=\"high\" decoding=\"async\" width=\"300\" height=\"200\" src=\"https:\/\/highlandsschool.edu.uy\/wp-content\/uploads\/2024\/07\/beverage-book-near-fireplace-300x200.jpg\" class=\"attachment-medium size-medium wp-image-973\" alt=\"\" srcset=\"https:\/\/highlandsschool.edu.uy\/wp-content\/uploads\/2024\/07\/beverage-book-near-fireplace-300x200.jpg 300w, https:\/\/highlandsschool.edu.uy\/wp-content\/uploads\/2024\/07\/beverage-book-near-fireplace-1024x683.jpg 1024w, https:\/\/highlandsschool.edu.uy\/wp-content\/uploads\/2024\/07\/beverage-book-near-fireplace-768x512.jpg 768w, https:\/\/highlandsschool.edu.uy\/wp-content\/uploads\/2024\/07\/beverage-book-near-fireplace-1536x1024.jpg 1536w, https:\/\/highlandsschool.edu.uy\/wp-content\/uploads\/2024\/07\/beverage-book-near-fireplace-2048x1365.jpg 2048w\" sizes=\"(max-width: 300px) 100vw, 300px\" \/><\/div><\/a>\n\t\t\t\t<div class=\"elementor-post__text\">\n\t\t\t\t<h3 class=\"elementor-post__title\">\n\t\t\t<a href=\"https:\/\/highlandsschool.edu.uy\/index.php\/2024\/07\/01\/vacaciones-de-invierno\/\" >\n\t\t\t\tVacaciones de invierno\t\t\t<\/a>\n\t\t<\/h3>\n\t\t\t\t<div class=\"elementor-post__excerpt\">\n\t\t\t<p>\u00a1Llegaron las vacaciones de invierno!<br \/>\nEs momento de descansar, divertirse y disfrutar del tiempo libre con la familia y los amigos&#8230;<\/p>\n\t\t<\/div>\n\t\t\n\t\t<a class=\"elementor-post__read-more\" href=\"https:\/\/highlandsschool.edu.uy\/index.php\/2024\/07\/01\/vacaciones-de-invierno\/\" aria-label=\"M\u00e1s informaci\u00f3n sobre Vacaciones de invierno\" tabindex=\"-1\" >\n\t\t\tLeer M\u00e1s\u00bb\t\t<\/a>\n\n\t\t\t\t<\/div>\n\t\t\t\t<div class=\"elementor-post__meta-data\">\n\t\t\t\t\t<span class=\"elementor-post-date\">\n\t\t\tjulio 1, 2024\t\t<\/span>\n\t\t\t\t<span class=\"elementor-post-avatar\">\n\t\t\tNo hay comentarios\t\t<\/span>\n\t\t\t\t<\/div>\n\t\t\t\t\t<\/div>\n\t\t<\/article>\n\t\t\t\t<article class=\"elementor-post elementor-grid-item post-965 post type-post status-publish format-standard has-post-thumbnail hentry category-uncategorized\" role=\"listitem\">\n\t\t\t<div class=\"elementor-post__card\">\n\t\t\t\t<a class=\"elementor-post__thumbnail__link\" href=\"https:\/\/highlandsschool.edu.uy\/index.php\/2024\/02\/25\/inscripciones-abiertas-2024\/\" tabindex=\"-1\" ><div class=\"elementor-post__thumbnail\"><img decoding=\"async\" width=\"300\" height=\"300\" src=\"https:\/\/highlandsschool.edu.uy\/wp-content\/uploads\/2024\/02\/04-miniatura-300x300.jpg\" class=\"attachment-medium size-medium wp-image-967\" alt=\"\" srcset=\"https:\/\/highlandsschool.edu.uy\/wp-content\/uploads\/2024\/02\/04-miniatura-300x300.jpg 300w, https:\/\/highlandsschool.edu.uy\/wp-content\/uploads\/2024\/02\/04-miniatura-1024x1024.jpg 1024w, https:\/\/highlandsschool.edu.uy\/wp-content\/uploads\/2024\/02\/04-miniatura-150x150.jpg 150w, https:\/\/highlandsschool.edu.uy\/wp-content\/uploads\/2024\/02\/04-miniatura-768x768.jpg 768w, https:\/\/highlandsschool.edu.uy\/wp-content\/uploads\/2024\/02\/04-miniatura.jpg 1200w\" sizes=\"(max-width: 300px) 100vw, 300px\" \/><\/div><\/a>\n\t\t\t\t<div class=\"elementor-post__text\">\n\t\t\t\t<h3 class=\"elementor-post__title\">\n\t\t\t<a href=\"https:\/\/highlandsschool.edu.uy\/index.php\/2024\/02\/25\/inscripciones-abiertas-2024\/\" >\n\t\t\t\tInscripciones abiertas 2024\t\t\t<\/a>\n\t\t<\/h3>\n\t\t\t\t<div class=\"elementor-post__excerpt\">\n\t\t\t<p>\u00a1Las clases para el pr\u00f3ximo ciclo escolar ya tienen fecha! A partir del 6 de marzo, Highlands School abre sus puertas a un nuevo ciclo<\/p>\n\t\t<\/div>\n\t\t\n\t\t<a class=\"elementor-post__read-more\" href=\"https:\/\/highlandsschool.edu.uy\/index.php\/2024\/02\/25\/inscripciones-abiertas-2024\/\" aria-label=\"M\u00e1s informaci\u00f3n sobre Inscripciones abiertas 2024\" tabindex=\"-1\" >\n\t\t\tLeer M\u00e1s\u00bb\t\t<\/a>\n\n\t\t\t\t<\/div>\n\t\t\t\t<div class=\"elementor-post__meta-data\">\n\t\t\t\t\t<span class=\"elementor-post-date\">\n\t\t\tfebrero 25, 2024\t\t<\/span>\n\t\t\t\t<span class=\"elementor-post-avatar\">\n\t\t\t2 comentarios\t\t<\/span>\n\t\t\t\t<\/div>\n\t\t\t\t\t<\/div>\n\t\t<\/article>\n\t\t\t\t<article class=\"elementor-post elementor-grid-item post-961 post type-post status-publish format-standard has-post-thumbnail hentry category-uncategorized\" role=\"listitem\">\n\t\t\t<div class=\"elementor-post__card\">\n\t\t\t\t<a class=\"elementor-post__thumbnail__link\" href=\"https:\/\/highlandsschool.edu.uy\/index.php\/2024\/02\/25\/convenio-con-el-club-marne\/\" tabindex=\"-1\" ><div class=\"elementor-post__thumbnail\"><img decoding=\"async\" width=\"300\" height=\"300\" src=\"https:\/\/highlandsschool.edu.uy\/wp-content\/uploads\/2024\/02\/03-miniatura-300x300.jpg\" class=\"attachment-medium size-medium wp-image-963\" alt=\"\" srcset=\"https:\/\/highlandsschool.edu.uy\/wp-content\/uploads\/2024\/02\/03-miniatura-300x300.jpg 300w, https:\/\/highlandsschool.edu.uy\/wp-content\/uploads\/2024\/02\/03-miniatura-1024x1024.jpg 1024w, https:\/\/highlandsschool.edu.uy\/wp-content\/uploads\/2024\/02\/03-miniatura-150x150.jpg 150w, https:\/\/highlandsschool.edu.uy\/wp-content\/uploads\/2024\/02\/03-miniatura-768x768.jpg 768w, https:\/\/highlandsschool.edu.uy\/wp-content\/uploads\/2024\/02\/03-miniatura.jpg 1200w\" sizes=\"(max-width: 300px) 100vw, 300px\" \/><\/div><\/a>\n\t\t\t\t<div class=\"elementor-post__text\">\n\t\t\t\t<h3 class=\"elementor-post__title\">\n\t\t\t<a href=\"https:\/\/highlandsschool.edu.uy\/index.php\/2024\/02\/25\/convenio-con-el-club-marne\/\" >\n\t\t\t\tConvenio con el Club Marne\t\t\t<\/a>\n\t\t<\/h3>\n\t\t\t\t<div class=\"elementor-post__excerpt\">\n\t\t\t<p>\u00a1Atenci\u00f3n amantes del basketball y del ingl\u00e9s!Nos complace anunciar que hemos logrado un acuerdo con el Club Marne para que sus integrantes obtengan un importante<\/p>\n\t\t<\/div>\n\t\t\n\t\t<a class=\"elementor-post__read-more\" href=\"https:\/\/highlandsschool.edu.uy\/index.php\/2024\/02\/25\/convenio-con-el-club-marne\/\" aria-label=\"M\u00e1s informaci\u00f3n sobre Convenio con el Club Marne\" tabindex=\"-1\" >\n\t\t\tLeer M\u00e1s\u00bb\t\t<\/a>\n\n\t\t\t\t<\/div>\n\t\t\t\t<div class=\"elementor-post__meta-data\">\n\t\t\t\t\t<span class=\"elementor-post-date\">\n\t\t\tfebrero 25, 2024\t\t<\/span>\n\t\t\t\t<span class=\"elementor-post-avatar\">\n\t\t\tNo hay comentarios\t\t<\/span>\n\t\t\t\t<\/div>\n\t\t\t\t\t<\/div>\n\t\t<\/article>\n\t\t\t\t<article class=\"elementor-post elementor-grid-item post-957 post type-post status-publish format-standard has-post-thumbnail hentry category-uncategorized\" role=\"listitem\">\n\t\t\t<div class=\"elementor-post__card\">\n\t\t\t\t<a class=\"elementor-post__thumbnail__link\" href=\"https:\/\/highlandsschool.edu.uy\/index.php\/2024\/02\/25\/convenio-con-el-club-urreta\/\" tabindex=\"-1\" ><div class=\"elementor-post__thumbnail\"><img loading=\"lazy\" decoding=\"async\" width=\"300\" height=\"300\" src=\"https:\/\/highlandsschool.edu.uy\/wp-content\/uploads\/2024\/02\/02-miniatura-300x300.jpg\" class=\"attachment-medium size-medium wp-image-959\" alt=\"\" srcset=\"https:\/\/highlandsschool.edu.uy\/wp-content\/uploads\/2024\/02\/02-miniatura-300x300.jpg 300w, https:\/\/highlandsschool.edu.uy\/wp-content\/uploads\/2024\/02\/02-miniatura-1024x1024.jpg 1024w, https:\/\/highlandsschool.edu.uy\/wp-content\/uploads\/2024\/02\/02-miniatura-150x150.jpg 150w, https:\/\/highlandsschool.edu.uy\/wp-content\/uploads\/2024\/02\/02-miniatura-768x768.jpg 768w, https:\/\/highlandsschool.edu.uy\/wp-content\/uploads\/2024\/02\/02-miniatura.jpg 1200w\" sizes=\"(max-width: 300px) 100vw, 300px\" \/><\/div><\/a>\n\t\t\t\t<div class=\"elementor-post__text\">\n\t\t\t\t<h3 class=\"elementor-post__title\">\n\t\t\t<a href=\"https:\/\/highlandsschool.edu.uy\/index.php\/2024\/02\/25\/convenio-con-el-club-urreta\/\" >\n\t\t\t\tConvenio con el Club Urreta\t\t\t<\/a>\n\t\t<\/h3>\n\t\t\t\t<div class=\"elementor-post__excerpt\">\n\t\t\t<p>Este descuento es un golazo!Si pertenec\u00e9s al club Urreta pod\u00e9s aprender ingl\u00e9s con una importante bonificaci\u00f3n.\u00bfQu\u00e9 esper\u00e1s para ser parte del clan?<\/p>\n\t\t<\/div>\n\t\t\n\t\t<a class=\"elementor-post__read-more\" href=\"https:\/\/highlandsschool.edu.uy\/index.php\/2024\/02\/25\/convenio-con-el-club-urreta\/\" aria-label=\"M\u00e1s informaci\u00f3n sobre Convenio con el Club Urreta\" tabindex=\"-1\" >\n\t\t\tLeer M\u00e1s\u00bb\t\t<\/a>\n\n\t\t\t\t<\/div>\n\t\t\t\t<div class=\"elementor-post__meta-data\">\n\t\t\t\t\t<span class=\"elementor-post-date\">\n\t\t\tfebrero 25, 2024\t\t<\/span>\n\t\t\t\t<span class=\"elementor-post-avatar\">\n\t\t\tNo hay comentarios\t\t<\/span>\n\t\t\t\t<\/div>\n\t\t\t\t\t<\/div>\n\t\t<\/article>\n\t\t\t\t<article class=\"elementor-post elementor-grid-item post-942 post type-post status-publish format-standard has-post-thumbnail hentry category-uncategorized\" role=\"listitem\">\n\t\t\t<div class=\"elementor-post__card\">\n\t\t\t\t<a class=\"elementor-post__thumbnail__link\" href=\"https:\/\/highlandsschool.edu.uy\/index.php\/2024\/02\/25\/100-de-aprobacion-en-los-examenes-locales\/\" tabindex=\"-1\" ><div class=\"elementor-post__thumbnail\"><img loading=\"lazy\" decoding=\"async\" width=\"300\" height=\"300\" src=\"https:\/\/highlandsschool.edu.uy\/wp-content\/uploads\/2024\/02\/01-miniatura-300x300.jpg\" class=\"attachment-medium size-medium wp-image-945\" alt=\"\" srcset=\"https:\/\/highlandsschool.edu.uy\/wp-content\/uploads\/2024\/02\/01-miniatura-300x300.jpg 300w, https:\/\/highlandsschool.edu.uy\/wp-content\/uploads\/2024\/02\/01-miniatura-1024x1024.jpg 1024w, https:\/\/highlandsschool.edu.uy\/wp-content\/uploads\/2024\/02\/01-miniatura-150x150.jpg 150w, https:\/\/highlandsschool.edu.uy\/wp-content\/uploads\/2024\/02\/01-miniatura-768x768.jpg 768w, https:\/\/highlandsschool.edu.uy\/wp-content\/uploads\/2024\/02\/01-miniatura.jpg 1200w\" sizes=\"(max-width: 300px) 100vw, 300px\" \/><\/div><\/a>\n\t\t\t\t<div class=\"elementor-post__text\">\n\t\t\t\t<h3 class=\"elementor-post__title\">\n\t\t\t<a href=\"https:\/\/highlandsschool.edu.uy\/index.php\/2024\/02\/25\/100-de-aprobacion-en-los-examenes-locales\/\" >\n\t\t\t\t100% de aprobaci\u00f3n en los ex\u00e1menes locales\t\t\t<\/a>\n\t\t<\/h3>\n\t\t\t\t<div class=\"elementor-post__excerpt\">\n\t\t\t<p>Estamos encantados de anunciar que todos nuestros estudiantes han aprobado con \u00e9xito sus ex\u00e1menes&#8230; <\/p>\n\t\t<\/div>\n\t\t\n\t\t<a class=\"elementor-post__read-more\" href=\"https:\/\/highlandsschool.edu.uy\/index.php\/2024\/02\/25\/100-de-aprobacion-en-los-examenes-locales\/\" aria-label=\"M\u00e1s informaci\u00f3n sobre 100% de aprobaci\u00f3n en los ex\u00e1menes locales\" tabindex=\"-1\" >\n\t\t\tLeer M\u00e1s\u00bb\t\t<\/a>\n\n\t\t\t\t<\/div>\n\t\t\t\t<div class=\"elementor-post__meta-data\">\n\t\t\t\t\t<span class=\"elementor-post-date\">\n\t\t\tfebrero 25, 2024\t\t<\/span>\n\t\t\t\t<span class=\"elementor-post-avatar\">\n\t\t\tNo hay comentarios\t\t<\/span>\n\t\t\t\t<\/div>\n\t\t\t\t\t<\/div>\n\t\t<\/article>\n\t\t\t\t<\/div>\n\t\t\n\t\t\t\t\t\t<\/div>\n\t\t\t\t<\/div>\n\t\t\t\t\t<\/div>\n\t\t<\/div>\n\t\t\t\t\t<\/div>\n\t\t<\/section>\n\t\t\t\t<\/div>\n\t\t","protected":false},"excerpt":{"rendered":"","protected":false},"author":1,"featured_media":0,"parent":0,"menu_order":0,"comment_status":"closed","ping_status":"closed","template":"elementor_theme","meta":{"footnotes":""},"class_list":["post-652","page","type-page","status-publish","hentry"],"_links":{"self":[{"href":"https:\/\/highlandsschool.edu.uy\/index.php\/wp-json\/wp\/v2\/pages\/652","targetHints":{"allow":["GET"]}}],"collection":[{"href":"https:\/\/highlandsschool.edu.uy\/index.php\/wp-json\/wp\/v2\/pages"}],"about":[{"href":"https:\/\/highlandsschool.edu.uy\/index.php\/wp-json\/wp\/v2\/types\/page"}],"author":[{"embeddable":true,"href":"https:\/\/highlandsschool.edu.uy\/index.php\/wp-json\/wp\/v2\/users\/1"}],"replies":[{"embeddable":true,"href":"https:\/\/highlandsschool.edu.uy\/index.php\/wp-json\/wp\/v2\/comments?post=652"}],"version-history":[{"count":35,"href":"https:\/\/highlandsschool.edu.uy\/index.php\/wp-json\/wp\/v2\/pages\/652\/revisions"}],"predecessor-version":[{"id":930,"href":"https:\/\/highlandsschool.edu.uy\/index.php\/wp-json\/wp\/v2\/pages\/652\/revisions\/930"}],"wp:attachment":[{"href":"https:\/\/highlandsschool.edu.uy\/index.php\/wp-json\/wp\/v2\/media?parent=652"}],"curies":[{"name":"wp","href":"https:\/\/api.w.org\/{rel}","templated":true}]}}